{"id":42,"date":"2022-07-22T15:39:47","date_gmt":"2022-07-22T12:39:47","guid":{"rendered":"https:\/\/musiikkipalvelusoile.fi\/?page_id=42"},"modified":"2022-07-22T17:10:33","modified_gmt":"2022-07-22T14:10:33","slug":"42-2","status":"publish","type":"page","link":"https:\/\/musiikkipalvelusoile.fi\/","title":{"rendered":"Etusivu"},"content":{"rendered":"\n<p>Musiikkipalvelu Soile on Kokkolassa vuodesta 2009 saakka toiminut yksityinen musiikkikoulu. Suurin osa toiminnastamme t\u00e4ll\u00e4 hetkell\u00e4 on pianonsoiton opetusta, mutta tarjoamme valmennusta my\u00f6s muiden soittimien alkeisiin.<\/p>\n\n\n\n<p>Pianonsoiton opetukseen voi kysell\u00e4 aikoja ymp\u00e4ri vuoden. Meill\u00e4 ei ole k\u00e4yt\u00f6ss\u00e4 lukukausisysteemi\u00e4, vaan aloittamaan p\u00e4\u00e4see ilmoittautumisj\u00e4rjestyksess\u00e4 mahdollisuuksien mukaan. Opetamme kaiken ik\u00e4isi\u00e4 pianisteja, riippumatta aikaisemmasta soittokokemuksesta. <\/p>\n\n\n\n<p>Olen Soile Hosionaho ja toiminut alusta saakka sek\u00e4 yritt\u00e4j\u00e4n\u00e4 ett\u00e4 pianonsoiton opettajana.  Minulla on klassinen peruskoulutus pianosta, mutta olen my\u00f6hemmin opiskeluissa suuntautunut lis\u00e4ksi erityisesti kevyeen musiikkiin sek\u00e4 pop\/jazziin. Olen entinen keikkamuusikko sek\u00e4 kuuden lapsen \u00e4iti. Pid\u00e4n opetusty\u00f6t\u00e4 todella mielenkiintoisena ja palkitsevana.<\/p>\n\n\n\n<p>Pianotunneille p\u00e4\u00e4see ilmoittautumisj\u00e4rjestyksess\u00e4. Opetan &#8221;perusoppilaiden&#8221; lis\u00e4ksi mielell\u00e4ni my\u00f6s erityislapsia ja esim. aikuisia aloittelijoita sek\u00e4 jo pidemm\u00e4lle ehtineit\u00e4 soittajia. Opetussis\u00e4lt\u00f6 suunnitellaan ja toteutetaan jokaiselle oppilaalle yksil\u00f6llisesti ja tarvittaessa t\u00e4ysin toiveidenkin mukaan. Alle kouluik\u00e4isille on tarjolla my\u00f6s yksityisopetuksena toteutettava pianomuskari, jossa opiskellaan kiinnostuksen mukaan useita perussoittimia, l\u00e4ht\u00f6kohtana kuitenkin piano.<\/p>\n\n\n\n<p>Kysy lis\u00e4\u00e4! Ajan voi varata my\u00f6s esim. pari- tai ryhm\u00e4opetuksena useammalle oppilaalle\/sisarukselle.<\/p>\n","protected":false},"excerpt":{"rendered":"<p>Musiikkipalvelu Soile on Kokkolassa vuodesta 2009 saakka toiminut yksityinen musiikkikoulu. Suurin osa toiminnastamme t\u00e4ll\u00e4 hetkell\u00e4 on pianonsoiton opetusta, mutta tarjoamme valmennusta my\u00f6s muiden soittimien alkeisiin. Pianonsoiton opetukseen voi kysell\u00e4 aikoja ymp\u00e4ri vuoden. Meill\u00e4 ei ole k\u00e4yt\u00f6ss\u00e4 lukukausisysteemi\u00e4, vaan aloittamaan p\u00e4\u00e4see &hellip; <a href=\"https:\/\/musiikkipalvelusoile.fi\/\">Lue loppuun <span class=\"meta-nav\">&rarr;<\/span><\/a><\/p>\n","protected":false},"author":1,"featured_media":0,"parent":0,"menu_order":0,"comment_status":"closed","ping_status":"closed","template":"sidebar-page.php","meta":{"footnotes":""},"class_list":["post-42","page","type-page","status-publish","hentry"],"_links":{"self":[{"href":"https:\/\/musiikkipalvelusoile.fi\/index.php?rest_route=\/wp\/v2\/pages\/42","targetHints":{"allow":["GET"]}}],"collection":[{"href":"https:\/\/musiikkipalvelusoile.fi\/index.php?rest_route=\/wp\/v2\/pages"}],"about":[{"href":"https:\/\/musiikkipalvelusoile.fi\/index.php?rest_route=\/wp\/v2\/types\/page"}],"author":[{"embeddable":true,"href":"https:\/\/musiikkipalvelusoile.fi\/index.php?rest_route=\/wp\/v2\/users\/1"}],"replies":[{"embeddable":true,"href":"https:\/\/musiikkipalvelusoile.fi\/index.php?rest_route=%2Fwp%2Fv2%2Fcomments&post=42"}],"version-history":[{"count":16,"href":"https:\/\/musiikkipalvelusoile.fi\/index.php?rest_route=\/wp\/v2\/pages\/42\/revisions"}],"predecessor-version":[{"id":72,"href":"https:\/\/musiikkipalvelusoile.fi\/index.php?rest_route=\/wp\/v2\/pages\/42\/revisions\/72"}],"wp:attachment":[{"href":"https:\/\/musiikkipalvelusoile.fi\/index.php?rest_route=%2Fwp%2Fv2%2Fmedia&parent=42"}],"curies":[{"name":"wp","href":"https:\/\/api.w.org\/{rel}","templated":true}]}}